{"id":16,"date":"2019-02-21T17:08:47","date_gmt":"2019-02-21T16:08:47","guid":{"rendered":"http:\/\/www.itscm2.be\/Cessprojet9\/?page_id=16"},"modified":"2023-10-19T19:43:28","modified_gmt":"2023-10-19T17:43:28","slug":"ce-que-nous-proposons","status":"publish","type":"page","link":"http:\/\/www.itscm2.be\/Cessprojet9\/ce-que-nous-proposons\/","title":{"rendered":"Ce que nous proposons"},"content":{"rendered":"\n<h2 class=\"wp-block-heading\">La finalit\u00e9 du projet<\/h2>\n\n\n\n<figure class=\"wp-block-image\"><img decoding=\"async\" loading=\"lazy\" width=\"1024\" height=\"287\" src=\"http:\/\/www.itscm2.be\/Cessprojet9\/wp-content\/uploads\/2019\/02\/bd4-1024x287.jpg\" alt=\"\" class=\"wp-image-107\" srcset=\"http:\/\/www.itscm2.be\/Cessprojet9\/wp-content\/uploads\/2019\/02\/bd4-1024x287.jpg 1024w, http:\/\/www.itscm2.be\/Cessprojet9\/wp-content\/uploads\/2019\/02\/bd4-300x84.jpg 300w, http:\/\/www.itscm2.be\/Cessprojet9\/wp-content\/uploads\/2019\/02\/bd4-768x216.jpg 768w, http:\/\/www.itscm2.be\/Cessprojet9\/wp-content\/uploads\/2019\/02\/bd4.jpg 1140w\" sizes=\"(max-width: 1024px) 100vw, 1024px\" \/><\/figure>\n\n\n\n<p>Vous voulez devenir infirmier, ing\u00e9nieur, assistant social, juriste, logop\u00e8de, sociologue, institutrice &#8230; ou vous souhaitez pr\u00e9senter un examen pour rentrer \u00e0 l\u2019administration ou pr\u00e9senter l\u2019examen d\u2019admission \u00e0 la police&nbsp;?<\/p>\n\n\n\n<p><strong>Une nouvelle voie en vue d\u2019obtenir son CESS s\u2019ouvre \u00e0 vous,&nbsp;CESS-Projet 9 propose \u00e0 un groupe d\u2019adultes de suivre un programme articul\u00e9 en 2 semestres de cours durant une ann\u00e9e scolaire.<\/strong><\/p>\n\n\n\n<h3 class=\"wp-block-heading\">Le programme<\/h3>\n\n\n\n<p><strong>Ce programme<\/strong>&nbsp;qui comprend du fran\u00e7ais, des math\u00e9matiques, de l\u2019anglais, de l\u2019histoire, de la g\u00e9ographie, des sciences , de la bureautique, de la m\u00e9thodologie et un cours d\u2019actualit\u00e9 vous permettra d\u2019int\u00e9grer le programme du 3e degr\u00e9 de l\u2019enseignement secondaire autrement.<\/p>\n\n\n\n<h3 class=\"wp-block-heading\">Les cours<\/h3>\n\n\n\n<p><strong>Les cours<\/strong>\u00a0se donnent \u00e0 temps plein, en horaire de jour 5j\/semaine.. Des activit\u00e9s sont mises en place afin de valider votre projet futur. Ainsi, il vous serez r\u00e9guli\u00e8rement \u00e9valu\u00e9 sur la mati\u00e8re vue. <\/p>\n\n\n\n<p><strong>\u00c0 la fin de cette formation<\/strong>, si vous r\u00e9ussissez l\u2019ensemble des activit\u00e9s constitutives de ce programme, vous r\u00e9aliserez avec l\u2019aide des charg\u00e9s de cours un travail de fin de cycle qui attestera que vous avez acquis l\u2019ensemble des comp\u00e9tences exig\u00e9es au terme de l\u2019enseignement secondaire. Il s&#8217;agit de l&#8217;\u00e9preuve int\u00e9gr\u00e9e (EI).<\/p>\n\n\n\n<h3 class=\"wp-block-heading\">En cas de r\u00e9ussite <\/h3>\n\n\n\n<p><strong>En cas de r\u00e9ussite<\/strong>, cette \u00e9preuve est sanctionn\u00e9e par la d\u00e9livrance du<br>CESS \u2013 Humanit\u00e9s g\u00e9n\u00e9rales qui vous permettra de poursuivre vos \u00e9tudes sup\u00e9rieures dans une Universit\u00e9 ou une Haute Ecole, ou encore de pr\u00e9senter des concours n\u00e9cessitant d\u2019\u00eatre porteur du CESS.<\/p>\n\n\n\n<p><strong>Si vous \u00eates int\u00e9ress\u00e9(e) par ce programme,\u00a0prenez contact avec nous<\/strong> : info@itscm.be .<\/p>\n\n\n\n<p>Nous vous exposerons les conditions de participation.\u00a0<br>Dans un premier temps, nous vous demandons d\u2019assister \u00e0 une s\u00e9ance d\u2019information sp\u00e9cifique au\u00a0<strong>CESS Projet9<\/strong>. Cette activit\u00e9 est la premi\u00e8re d\u00e9marche obligatoire en vue de se pr\u00e9senter aux tests d\u2019admission.<\/p>\n","protected":false},"excerpt":{"rendered":"<p>La finalit\u00e9 du projet Vous voulez devenir infirmier, ing\u00e9nieur, assistant social, juriste, logop\u00e8de, sociologue, institutrice &#8230; ou vous souhaitez pr\u00e9senter un examen pour rentrer \u00e0 l\u2019administration ou pr\u00e9senter l\u2019examen d\u2019admission \u00e0 la police&nbsp;? Une nouvelle voie en vue d\u2019obtenir son&hellip; <\/p>\n","protected":false},"author":1,"featured_media":186,"parent":0,"menu_order":0,"comment_status":"closed","ping_status":"closed","template":"","meta":{"footnotes":""},"_links":{"self":[{"href":"http:\/\/www.itscm2.be\/Cessprojet9\/wp-json\/wp\/v2\/pages\/16"}],"collection":[{"href":"http:\/\/www.itscm2.be\/Cessprojet9\/wp-json\/wp\/v2\/pages"}],"about":[{"href":"http:\/\/www.itscm2.be\/Cessprojet9\/wp-json\/wp\/v2\/types\/page"}],"author":[{"embeddable":true,"href":"http:\/\/www.itscm2.be\/Cessprojet9\/wp-json\/wp\/v2\/users\/1"}],"replies":[{"embeddable":true,"href":"http:\/\/www.itscm2.be\/Cessprojet9\/wp-json\/wp\/v2\/comments?post=16"}],"version-history":[{"count":16,"href":"http:\/\/www.itscm2.be\/Cessprojet9\/wp-json\/wp\/v2\/pages\/16\/revisions"}],"predecessor-version":[{"id":363,"href":"http:\/\/www.itscm2.be\/Cessprojet9\/wp-json\/wp\/v2\/pages\/16\/revisions\/363"}],"wp:featuredmedia":[{"embeddable":true,"href":"http:\/\/www.itscm2.be\/Cessprojet9\/wp-json\/wp\/v2\/media\/186"}],"wp:attachment":[{"href":"http:\/\/www.itscm2.be\/Cessprojet9\/wp-json\/wp\/v2\/media?parent=16"}],"curies":[{"name":"wp","href":"https:\/\/api.w.org\/{rel}","templated":true}]}}